{"id":4,"date":"2026-02-18T21:22:34","date_gmt":"2026-02-18T21:22:34","guid":{"rendered":"https:\/\/185-254-222-67.sslip.io\/demo-agencja\/medical\/strona-glowna\/"},"modified":"2026-02-18T21:22:34","modified_gmt":"2026-02-18T21:22:34","slug":"strona-glowna","status":"publish","type":"page","link":"https:\/\/demo.fibogacci.pl\/demo-agencja\/medical\/","title":{"rendered":"Strona g\u0142\u00f3wna"},"content":{"rendered":"<p>Powiatowe Centrum Zdrowia w Kluczborku \u2014 kompleksowa opieka medyczna dla Ciebie i Twojej rodziny. 10 poradni specjalistycznych, do\u015bwiadczony zesp\u00f3\u0142 lekarzy i nowoczesny sprz\u0119t diagnostyczny.<\/p>","protected":false},"excerpt":{"rendered":"<p>Powiatowe Centrum Zdrowia w Kluczborku \u2014 kompleksowa opieka medyczna dla Ciebie i Twojej rodziny. 10 poradni specjalistycznych, do\u015bwiadczony zesp\u00f3\u0142 lekarzy i nowoczesny sprz\u0119t diagnostyczny.<\/p>\n","protected":false},"author":0,"featured_media":0,"parent":0,"menu_order":0,"comment_status":"closed","ping_status":"closed","template":"","meta":{"_acf_changed":false,"footnotes":""},"class_list":["post-4","page","type-page","status-publish","hentry"],"acf":[],"_links":{"self":[{"href":"https:\/\/demo.fibogacci.pl\/demo-agencja\/medical\/wp-json\/wp\/v2\/pages\/4","targetHints":{"allow":["GET"]}}],"collection":[{"href":"https:\/\/demo.fibogacci.pl\/demo-agencja\/medical\/wp-json\/wp\/v2\/pages"}],"about":[{"href":"https:\/\/demo.fibogacci.pl\/demo-agencja\/medical\/wp-json\/wp\/v2\/types\/page"}],"replies":[{"embeddable":true,"href":"https:\/\/demo.fibogacci.pl\/demo-agencja\/medical\/wp-json\/wp\/v2\/comments?post=4"}],"version-history":[{"count":0,"href":"https:\/\/demo.fibogacci.pl\/demo-agencja\/medical\/wp-json\/wp\/v2\/pages\/4\/revisions"}],"wp:attachment":[{"href":"https:\/\/demo.fibogacci.pl\/demo-agencja\/medical\/wp-json\/wp\/v2\/media?parent=4"}],"curies":[{"name":"wp","href":"https:\/\/api.w.org\/{rel}","templated":true}]}}